{"id":444,"date":"2019-01-11T10:25:22","date_gmt":"2019-01-11T15:25:22","guid":{"rendered":"https:\/\/www.donesdemisericordia.org\/?page_id=444"},"modified":"2019-01-29T12:32:04","modified_gmt":"2019-01-29T17:32:04","slug":"eventos","status":"publish","type":"page","link":"https:\/\/fundaciondones.org\/inicio\/eventos\/","title":{"rendered":"Eventos"},"content":{"rendered":"<p>[et_pb_section bb_built=&#8221;1&#8243; fullwidth=&#8221;on&#8221; specialty=&#8221;off&#8221; next_background_color=&#8221;#000000&#8243;][et_pb_fullwidth_image _builder_version=&#8221;3.0.106&#8243; src=&#8221;https:\/\/fundaciondones.org\/wp-content\/uploads\/2019\/01\/eventos.jpg&#8221; show_in_lightbox=&#8221;off&#8221; url_new_window=&#8221;off&#8221; use_overlay=&#8221;off&#8221; \/][\/et_pb_section][et_pb_section bb_built=&#8221;1&#8243; next_background_color=&#8221;#000000&#8243; prev_background_color=&#8221;#000000&#8243;][et_pb_row][et_pb_column type=&#8221;4_4&#8243;][et_pb_text _builder_version=&#8221;3.0.106&#8243; background_layout=&#8221;light&#8221;]<\/p>\n<h2 style=\"text-align: center;\">Nuestros Eventos<\/h2>\n<p>[\/et_pb_text][\/et_pb_column][\/et_pb_row][\/et_pb_section][et_pb_section bb_built=&#8221;1&#8243; fullwidth=&#8221;off&#8221; specialty=&#8221;off&#8221; prev_background_color=&#8221;#000000&#8243;][et_pb_row _builder_version=&#8221;3.0.106&#8243; module_alignment=&#8221;center&#8221; make_equal=&#8221;on&#8221; use_custom_gutter=&#8221;on&#8221; gutter_width=&#8221;2&#8243;][et_pb_column type=&#8221;1_4&#8243;][et_pb_image _builder_version=&#8221;3.0.106&#8243; src=&#8221;https:\/\/fundaciondones.org\/wp-content\/uploads\/2019\/01\/carrera-por-la-ni\u00f1ez-nuestros-eventos-1.jpg&#8221; show_in_lightbox=&#8221;off&#8221; url_new_window=&#8221;off&#8221; use_overlay=&#8221;off&#8221; always_center_on_mobile=&#8221;on&#8221; force_fullwidth=&#8221;on&#8221; show_bottom_space=&#8221;on&#8221; align=&#8221;center&#8221; border_radii=&#8221;on|0px|0px|0px|0px&#8221; \/][\/et_pb_column][et_pb_column type=&#8221;1_4&#8243;][et_pb_text _builder_version=&#8221;3.0.106&#8243; background_layout=&#8221;light&#8221; text_orientation=&#8221;justified&#8221;]<\/p>\n<h3>Carrera por la ni\u00f1ez<\/h3>\n<p>La carrera por la Ni\u00f1ez Cartagenera 10k y 5k  se realiza dentro de la ciudad amurallada y es un evento recreativo impulsado por la Fundaci\u00f3n Dones de Misericordia favor de la protecci\u00f3n de ni\u00f1os, ni\u00f1as y adolescentes en situaci\u00f3n de vida en calle y extrema vulnerabilidad del departamento de Bol\u00edvar.<\/p>\n<p>[\/et_pb_text][\/et_pb_column][et_pb_column type=&#8221;1_4&#8243;][et_pb_image _builder_version=&#8221;3.0.106&#8243; src=&#8221;https:\/\/fundaciondones.org\/wp-content\/uploads\/2019\/01\/canto.jpg&#8221; show_in_lightbox=&#8221;off&#8221; url_new_window=&#8221;off&#8221; use_overlay=&#8221;off&#8221; always_center_on_mobile=&#8221;on&#8221; force_fullwidth=&#8221;on&#8221; show_bottom_space=&#8221;on&#8221; align=&#8221;center&#8221; border_radii=&#8221;on|0px|0px|0px|0px&#8221; \/][\/et_pb_column][et_pb_column type=&#8221;1_4&#8243;][et_pb_text _builder_version=&#8221;3.0.106&#8243; background_layout=&#8221;light&#8221; text_orientation=&#8221;justified&#8221;]<\/p>\n<h3>Tierra bomba tiene talento<\/h3>\n<p>Este concurso naci\u00f3 en el 2018 para promover e incentivar los dones y talentos de los ni\u00f1os de la comunidad. Tambi\u00e9n se busca identificar aquellos talentos para acompa\u00f1arlos y continuar con su formaci\u00f3n art\u00edstica.<\/p>\n<p>[\/et_pb_text][\/et_pb_column][\/et_pb_row][et_pb_row _builder_version=&#8221;3.0.106&#8243; module_alignment=&#8221;center&#8221; make_equal=&#8221;on&#8221; use_custom_gutter=&#8221;on&#8221; gutter_width=&#8221;2&#8243;][et_pb_column type=&#8221;1_4&#8243;][et_pb_image _builder_version=&#8221;3.0.106&#8243; src=&#8221;https:\/\/fundaciondones.org\/wp-content\/uploads\/2019\/01\/primeras-comuniones-eventos.jpg&#8221; show_in_lightbox=&#8221;off&#8221; url_new_window=&#8221;off&#8221; use_overlay=&#8221;off&#8221; always_center_on_mobile=&#8221;on&#8221; force_fullwidth=&#8221;on&#8221; show_bottom_space=&#8221;on&#8221; align=&#8221;center&#8221; border_radii=&#8221;on|0px|0px|0px|0px&#8221; \/][\/et_pb_column][et_pb_column type=&#8221;1_4&#8243;][et_pb_text _builder_version=&#8221;3.0.106&#8243; background_layout=&#8221;light&#8221; text_orientation=&#8221;justified&#8221;]<\/p>\n<h3>Primeras comuniones <\/h3>\n<p>Los ni\u00f1os de los programas del Kiosko de los Dones en Tierra Bomba y de la Casa de los Dones en Turbaco reciben formaci\u00f3n espiritual y en valores. De este modo, apoyamos la celebraci\u00f3n de la comuni\u00f3n.<\/p>\n<p>[\/et_pb_text][\/et_pb_column][et_pb_column type=&#8221;1_4&#8243;][et_pb_image _builder_version=&#8221;3.0.106&#8243; src=&#8221;https:\/\/fundaciondones.org\/wp-content\/uploads\/2019\/01\/ma\u00f1ana-de-navidad-eventos-1.jpg&#8221; show_in_lightbox=&#8221;off&#8221; url_new_window=&#8221;off&#8221; use_overlay=&#8221;off&#8221; always_center_on_mobile=&#8221;on&#8221; force_fullwidth=&#8221;on&#8221; show_bottom_space=&#8221;on&#8221; align=&#8221;center&#8221; border_radii=&#8221;on|0px|0px|0px|0px&#8221; \/][\/et_pb_column][et_pb_column type=&#8221;1_4&#8243;][et_pb_text _builder_version=&#8221;3.0.106&#8243; background_layout=&#8221;light&#8221; text_orientation=&#8221;justified&#8221;]<\/p>\n<h3>Ma\u00f1ana de navidad<\/h3>\n<p>A trav\u00e9s de esta actividad, entregamos a los ni\u00f1os que hacen parte de la Casa de los Dones  regalos de navidad. Empresas, grupos y personas se unen para donar una ma\u00f1ana m\u00e1gica de navidad.<\/p>\n<p>[\/et_pb_text][\/et_pb_column][\/et_pb_row][et_pb_row _builder_version=&#8221;3.0.106&#8243; module_alignment=&#8221;center&#8221; make_equal=&#8221;on&#8221; use_custom_gutter=&#8221;on&#8221; gutter_width=&#8221;2&#8243;][et_pb_column type=&#8221;1_4&#8243;][et_pb_image _builder_version=&#8221;3.0.106&#8243; src=&#8221;https:\/\/fundaciondones.org\/wp-content\/uploads\/2019\/01\/WhatsApp-Image-2018-10-22-at-17.02.043001.jpeg&#8221; show_in_lightbox=&#8221;off&#8221; url_new_window=&#8221;off&#8221; use_overlay=&#8221;off&#8221; always_center_on_mobile=&#8221;on&#8221; force_fullwidth=&#8221;on&#8221; show_bottom_space=&#8221;on&#8221; align=&#8221;center&#8221; border_radii=&#8221;on|0px|0px|0px|0px&#8221; \/][\/et_pb_column][et_pb_column type=&#8221;1_4&#8243;][et_pb_text _builder_version=&#8221;3.0.106&#8243; background_layout=&#8221;light&#8221; text_orientation=&#8221;justified&#8221;]<\/p>\n<h3>Coro dones de misericordia<\/h3>\n<p>El coro de la fundaci\u00f3n se consolido desde el 2010 con el fin de educar y perfeccionar a los ni\u00f1os en este arte. Actualmente, se realizan presentaciones a nivel regional en diversos eventos culturales, religiosos y recreativos.<\/p>\n<p>[\/et_pb_text][\/et_pb_column][et_pb_column type=&#8221;1_4&#8243;][et_pb_image _builder_version=&#8221;3.0.106&#8243; src=&#8221;https:\/\/fundaciondones.org\/wp-content\/uploads\/2019\/01\/luis_hoyos_adalberto_romero_arlena_hoyos_mara_ortiz_y_eneris_de_hoyos.DPI_72.jpg&#8221; show_in_lightbox=&#8221;off&#8221; url_new_window=&#8221;off&#8221; use_overlay=&#8221;off&#8221; always_center_on_mobile=&#8221;on&#8221; force_fullwidth=&#8221;on&#8221; show_bottom_space=&#8221;on&#8221; align=&#8221;center&#8221; border_radii=&#8221;on|0px|0px|0px|0px&#8221; \/][\/et_pb_column][et_pb_column type=&#8221;1_4&#8243;][et_pb_text _builder_version=&#8221;3.0.106&#8243; background_layout=&#8221;light&#8221; text_orientation=&#8221;justified&#8221;]<\/p>\n<h3>Cena de gala<\/h3>\n<p>Cada a\u00f1o, en navidad, el restaurante Don Juan ofrece sus mejores platos a beneficio de la Fundaci\u00f3n Dones de Misericordia. Esta Cena de Gala se lleva a cabo desde el 2010.<\/p>\n<p>[\/et_pb_text][\/et_pb_column][\/et_pb_row][et_pb_row _builder_version=&#8221;3.0.106&#8243; module_alignment=&#8221;center&#8221; make_equal=&#8221;on&#8221; use_custom_gutter=&#8221;on&#8221; gutter_width=&#8221;2&#8243;][et_pb_column type=&#8221;1_4&#8243;][et_pb_image _builder_version=&#8221;3.0.106&#8243; src=&#8221;https:\/\/fundaciondones.org\/wp-content\/uploads\/2019\/01\/entrega-de-regalos-noticias-y-eventos-1.jpg&#8221; show_in_lightbox=&#8221;off&#8221; url_new_window=&#8221;off&#8221; use_overlay=&#8221;off&#8221; always_center_on_mobile=&#8221;on&#8221; force_fullwidth=&#8221;on&#8221; show_bottom_space=&#8221;on&#8221; align=&#8221;center&#8221; border_radii=&#8221;on|0px|0px|0px|0px&#8221; \/][\/et_pb_column][et_pb_column type=&#8221;1_4&#8243;][et_pb_text _builder_version=&#8221;3.0.106&#8243; background_layout=&#8221;light&#8221; text_orientation=&#8221;justified&#8221;]<\/p>\n<h3>Entrega de regalos<\/h3>\n<p>M\u00e1s de 900 ni\u00f1os de la comunidad de Tierra Bomba, en situaci\u00f3n de pobreza extrema, reciben regalos y ropa de navidad.<\/p>\n<p>[\/et_pb_text][\/et_pb_column][et_pb_column type=&#8221;1_4&#8243;][\/et_pb_column][et_pb_column type=&#8221;1_4&#8243;][\/et_pb_column][\/et_pb_row][\/et_pb_section]<\/p>\n","protected":false},"excerpt":{"rendered":"<p>[et_pb_section bb_built=&#8221;1&#8243; fullwidth=&#8221;on&#8221; specialty=&#8221;off&#8221; next_background_color=&#8221;#000000&#8243;][et_pb_fullwidth_image _builder_version=&#8221;3.0.106&#8243; src=&#8221;https:\/\/fundaciondones.org\/wp-content\/uploads\/2019\/01\/eventos.jpg&#8221; show_in_lightbox=&#8221;off&#8221; url_new_window=&#8221;off&#8221; use_overlay=&#8221;off&#8221; \/][\/et_pb_section][et_pb_section bb_built=&#8221;1&#8243; next_background_color=&#8221;#000000&#8243; prev_background_color=&#8221;#000000&#8243;][et_pb_row][et_pb_column type=&#8221;4_4&#8243;][et_pb_text _builder_version=&#8221;3.0.106&#8243; background_layout=&#8221;light&#8221;] Nuestros Eventos [\/et_pb_text][\/et_pb_column][\/et_pb_row][\/et_pb_section][et_pb_section bb_built=&#8221;1&#8243; fullwidth=&#8221;off&#8221; specialty=&#8221;off&#8221; prev_background_color=&#8221;#000000&#8243;][et_pb_row _builder_version=&#8221;3.0.106&#8243; module_alignment=&#8221;center&#8221; make_equal=&#8221;on&#8221; use_custom_gutter=&#8221;on&#8221; gutter_width=&#8221;2&#8243;][et_pb_column type=&#8221;1_4&#8243;][et_pb_image _builder_version=&#8221;3.0.106&#8243; src=&#8221;https:\/\/fundaciondones.org\/wp-content\/uploads\/2019\/01\/carrera-por-la-ni\u00f1ez-nuestros-eventos-1.jpg&#8221; show_in_lightbox=&#8221;off&#8221; url_new_window=&#8221;off&#8221; use_overlay=&#8221;off&#8221; always_center_on_mobile=&#8221;on&#8221; force_fullwidth=&#8221;on&#8221; show_bottom_space=&#8221;on&#8221; align=&#8221;center&#8221; border_radii=&#8221;on|0px|0px|0px|0px&#8221; \/][\/et_pb_column][et_pb_column type=&#8221;1_4&#8243;][et_pb_text _builder_version=&#8221;3.0.106&#8243; background_layout=&#8221;light&#8221; text_orientation=&#8221;justified&#8221;] Carrera por la ni\u00f1ez La carrera por la Ni\u00f1ez Cartagenera [&hellip;]<\/p>\n","protected":false},"author":1,"featured_media":0,"parent":0,"menu_order":0,"comment_status":"closed","ping_status":"closed","template":"","meta":{"_joinchat":[],"footnotes":""},"class_list":["post-444","page","type-page","status-publish","hentry"],"yoast_head":"<!-- This site is optimized with the Yoast SEO plugin v24.2 - https:\/\/yoast.com\/wordpress\/plugins\/seo\/ -->\n<title>Eventos - Dones de Misericordia<\/title>\n<meta name=\"robots\" content=\"index, follow, max-snippet:-1, max-image-preview:large, max-video-preview:-1\" \/>\n<link rel=\"canonical\" href=\"https:\/\/fundaciondones.org\/inicio\/eventos\/\" \/>\n<meta property=\"og:locale\" content=\"es_ES\" \/>\n<meta property=\"og:type\" content=\"article\" \/>\n<meta property=\"og:title\" content=\"Eventos - Dones de Misericordia\" \/>\n<meta property=\"og:description\" content=\"[et_pb_section bb_built=&#8221;1&#8243; fullwidth=&#8221;on&#8221; specialty=&#8221;off&#8221; next_background_color=&#8221;#000000&#8243;][et_pb_fullwidth_image _builder_version=&#8221;3.0.106&#8243; src=&#8221;https:\/\/fundaciondones.org\/wp-content\/uploads\/2019\/01\/eventos.jpg&#8221; show_in_lightbox=&#8221;off&#8221; url_new_window=&#8221;off&#8221; use_overlay=&#8221;off&#8221; \/][\/et_pb_section][et_pb_section bb_built=&#8221;1&#8243; next_background_color=&#8221;#000000&#8243; prev_background_color=&#8221;#000000&#8243;][et_pb_row][et_pb_column type=&#8221;4_4&#8243;][et_pb_text _builder_version=&#8221;3.0.106&#8243; background_layout=&#8221;light&#8221;] Nuestros Eventos [\/et_pb_text][\/et_pb_column][\/et_pb_row][\/et_pb_section][et_pb_section bb_built=&#8221;1&#8243; fullwidth=&#8221;off&#8221; specialty=&#8221;off&#8221; prev_background_color=&#8221;#000000&#8243;][et_pb_row _builder_version=&#8221;3.0.106&#8243; module_alignment=&#8221;center&#8221; make_equal=&#8221;on&#8221; use_custom_gutter=&#8221;on&#8221; gutter_width=&#8221;2&#8243;][et_pb_column type=&#8221;1_4&#8243;][et_pb_image _builder_version=&#8221;3.0.106&#8243; src=&#8221;https:\/\/fundaciondones.org\/wp-content\/uploads\/2019\/01\/carrera-por-la-ni\u00f1ez-nuestros-eventos-1.jpg&#8221; show_in_lightbox=&#8221;off&#8221; url_new_window=&#8221;off&#8221; use_overlay=&#8221;off&#8221; always_center_on_mobile=&#8221;on&#8221; force_fullwidth=&#8221;on&#8221; show_bottom_space=&#8221;on&#8221; align=&#8221;center&#8221; border_radii=&#8221;on|0px|0px|0px|0px&#8221; \/][\/et_pb_column][et_pb_column type=&#8221;1_4&#8243;][et_pb_text _builder_version=&#8221;3.0.106&#8243; background_layout=&#8221;light&#8221; text_orientation=&#8221;justified&#8221;] Carrera por la ni\u00f1ez La carrera por la Ni\u00f1ez Cartagenera [&hellip;]\" \/>\n<meta property=\"og:url\" content=\"https:\/\/fundaciondones.org\/inicio\/eventos\/\" \/>\n<meta property=\"og:site_name\" content=\"Dones de Misericordia\" \/>\n<meta property=\"article:modified_time\" content=\"2019-01-29T17:32:04+00:00\" \/>\n<meta name=\"twitter:card\" content=\"summary_large_image\" \/>\n<meta name=\"twitter:label1\" content=\"Tiempo de lectura\" \/>\n\t<meta name=\"twitter:data1\" content=\"5 minutos\" \/>\n<script type=\"application\/ld+json\" class=\"yoast-schema-graph\">{\"@context\":\"https:\/\/schema.org\",\"@graph\":[{\"@type\":\"WebPage\",\"@id\":\"https:\/\/fundaciondones.org\/inicio\/eventos\/\",\"url\":\"https:\/\/fundaciondones.org\/inicio\/eventos\/\",\"name\":\"Eventos - Dones de Misericordia\",\"isPartOf\":{\"@id\":\"https:\/\/fundaciondones.org\/inicio\/#website\"},\"datePublished\":\"2019-01-11T15:25:22+00:00\",\"dateModified\":\"2019-01-29T17:32:04+00:00\",\"breadcrumb\":{\"@id\":\"https:\/\/fundaciondones.org\/inicio\/eventos\/#breadcrumb\"},\"inLanguage\":\"es-CO\",\"potentialAction\":[{\"@type\":\"ReadAction\",\"target\":[\"https:\/\/fundaciondones.org\/inicio\/eventos\/\"]}]},{\"@type\":\"BreadcrumbList\",\"@id\":\"https:\/\/fundaciondones.org\/inicio\/eventos\/#breadcrumb\",\"itemListElement\":[{\"@type\":\"ListItem\",\"position\":1,\"name\":\"Home\",\"item\":\"https:\/\/fundaciondones.org\/inicio\/\"},{\"@type\":\"ListItem\",\"position\":2,\"name\":\"Eventos\"}]},{\"@type\":\"WebSite\",\"@id\":\"https:\/\/fundaciondones.org\/inicio\/#website\",\"url\":\"https:\/\/fundaciondones.org\/inicio\/\",\"name\":\"Dones de Misericordia\",\"description\":\"Si yo cambio, todo cambia\",\"potentialAction\":[{\"@type\":\"SearchAction\",\"target\":{\"@type\":\"EntryPoint\",\"urlTemplate\":\"https:\/\/fundaciondones.org\/inicio\/?s={search_term_string}\"},\"query-input\":{\"@type\":\"PropertyValueSpecification\",\"valueRequired\":true,\"valueName\":\"search_term_string\"}}],\"inLanguage\":\"es-CO\"}]}<\/script>\n<!-- \/ Yoast SEO plugin. -->","yoast_head_json":{"title":"Eventos - Dones de Misericordia","robots":{"index":"index","follow":"follow","max-snippet":"max-snippet:-1","max-image-preview":"max-image-preview:large","max-video-preview":"max-video-preview:-1"},"canonical":"https:\/\/fundaciondones.org\/inicio\/eventos\/","og_locale":"es_ES","og_type":"article","og_title":"Eventos - Dones de Misericordia","og_description":"[et_pb_section bb_built=&#8221;1&#8243; fullwidth=&#8221;on&#8221; specialty=&#8221;off&#8221; next_background_color=&#8221;#000000&#8243;][et_pb_fullwidth_image _builder_version=&#8221;3.0.106&#8243; src=&#8221;https:\/\/fundaciondones.org\/wp-content\/uploads\/2019\/01\/eventos.jpg&#8221; show_in_lightbox=&#8221;off&#8221; url_new_window=&#8221;off&#8221; use_overlay=&#8221;off&#8221; \/][\/et_pb_section][et_pb_section bb_built=&#8221;1&#8243; next_background_color=&#8221;#000000&#8243; prev_background_color=&#8221;#000000&#8243;][et_pb_row][et_pb_column type=&#8221;4_4&#8243;][et_pb_text _builder_version=&#8221;3.0.106&#8243; background_layout=&#8221;light&#8221;] Nuestros Eventos [\/et_pb_text][\/et_pb_column][\/et_pb_row][\/et_pb_section][et_pb_section bb_built=&#8221;1&#8243; fullwidth=&#8221;off&#8221; specialty=&#8221;off&#8221; prev_background_color=&#8221;#000000&#8243;][et_pb_row _builder_version=&#8221;3.0.106&#8243; module_alignment=&#8221;center&#8221; make_equal=&#8221;on&#8221; use_custom_gutter=&#8221;on&#8221; gutter_width=&#8221;2&#8243;][et_pb_column type=&#8221;1_4&#8243;][et_pb_image _builder_version=&#8221;3.0.106&#8243; src=&#8221;https:\/\/fundaciondones.org\/wp-content\/uploads\/2019\/01\/carrera-por-la-ni\u00f1ez-nuestros-eventos-1.jpg&#8221; show_in_lightbox=&#8221;off&#8221; url_new_window=&#8221;off&#8221; use_overlay=&#8221;off&#8221; always_center_on_mobile=&#8221;on&#8221; force_fullwidth=&#8221;on&#8221; show_bottom_space=&#8221;on&#8221; align=&#8221;center&#8221; border_radii=&#8221;on|0px|0px|0px|0px&#8221; \/][\/et_pb_column][et_pb_column type=&#8221;1_4&#8243;][et_pb_text _builder_version=&#8221;3.0.106&#8243; background_layout=&#8221;light&#8221; text_orientation=&#8221;justified&#8221;] Carrera por la ni\u00f1ez La carrera por la Ni\u00f1ez Cartagenera [&hellip;]","og_url":"https:\/\/fundaciondones.org\/inicio\/eventos\/","og_site_name":"Dones de Misericordia","article_modified_time":"2019-01-29T17:32:04+00:00","twitter_card":"summary_large_image","twitter_misc":{"Tiempo de lectura":"5 minutos"},"schema":{"@context":"https:\/\/schema.org","@graph":[{"@type":"WebPage","@id":"https:\/\/fundaciondones.org\/inicio\/eventos\/","url":"https:\/\/fundaciondones.org\/inicio\/eventos\/","name":"Eventos - Dones de Misericordia","isPartOf":{"@id":"https:\/\/fundaciondones.org\/inicio\/#website"},"datePublished":"2019-01-11T15:25:22+00:00","dateModified":"2019-01-29T17:32:04+00:00","breadcrumb":{"@id":"https:\/\/fundaciondones.org\/inicio\/eventos\/#breadcrumb"},"inLanguage":"es-CO","potentialAction":[{"@type":"ReadAction","target":["https:\/\/fundaciondones.org\/inicio\/eventos\/"]}]},{"@type":"BreadcrumbList","@id":"https:\/\/fundaciondones.org\/inicio\/eventos\/#breadcrumb","itemListElement":[{"@type":"ListItem","position":1,"name":"Home","item":"https:\/\/fundaciondones.org\/inicio\/"},{"@type":"ListItem","position":2,"name":"Eventos"}]},{"@type":"WebSite","@id":"https:\/\/fundaciondones.org\/inicio\/#website","url":"https:\/\/fundaciondones.org\/inicio\/","name":"Dones de Misericordia","description":"Si yo cambio, todo cambia","potentialAction":[{"@type":"SearchAction","target":{"@type":"EntryPoint","urlTemplate":"https:\/\/fundaciondones.org\/inicio\/?s={search_term_string}"},"query-input":{"@type":"PropertyValueSpecification","valueRequired":true,"valueName":"search_term_string"}}],"inLanguage":"es-CO"}]}},"_links":{"self":[{"href":"https:\/\/fundaciondones.org\/inicio\/wp-json\/wp\/v2\/pages\/444","targetHints":{"allow":["GET"]}}],"collection":[{"href":"https:\/\/fundaciondones.org\/inicio\/wp-json\/wp\/v2\/pages"}],"about":[{"href":"https:\/\/fundaciondones.org\/inicio\/wp-json\/wp\/v2\/types\/page"}],"author":[{"embeddable":true,"href":"https:\/\/fundaciondones.org\/inicio\/wp-json\/wp\/v2\/users\/1"}],"replies":[{"embeddable":true,"href":"https:\/\/fundaciondones.org\/inicio\/wp-json\/wp\/v2\/comments?post=444"}],"version-history":[{"count":32,"href":"https:\/\/fundaciondones.org\/inicio\/wp-json\/wp\/v2\/pages\/444\/revisions"}],"predecessor-version":[{"id":862,"href":"https:\/\/fundaciondones.org\/inicio\/wp-json\/wp\/v2\/pages\/444\/revisions\/862"}],"wp:attachment":[{"href":"https:\/\/fundaciondones.org\/inicio\/wp-json\/wp\/v2\/media?parent=444"}],"curies":[{"name":"wp","href":"https:\/\/api.w.org\/{rel}","templated":true}]}}